{"id":9,"date":"2025-01-18T23:40:40","date_gmt":"2025-01-18T22:40:40","guid":{"rendered":"http:\/\/wordpress.gitehulotte.fr\/index.php\/home\/"},"modified":"2025-02-14T10:49:20","modified_gmt":"2025-02-14T09:49:20","slug":"home","status":"publish","type":"page","link":"https:\/\/gitehulotte.fr\/","title":{"rendered":"Accueil"},"content":{"rendered":"\n<p>Gites Hulottes : Class\u00e9 3 \u00e9toiles &#8211; Pr\u00e9fecture : Gite de France<\/p>\n\n\n\n<p><\/p>\n","protected":false},"excerpt":{"rendered":"<p>Gites Hulottes : Class\u00e9 3 \u00e9toiles &#8211; Pr\u00e9fecture : Gite de France<\/p>\n","protected":false},"author":1,"featured_media":0,"parent":0,"menu_order":0,"comment_status":"closed","ping_status":"closed","template":"","meta":{"footnotes":""},"class_list":["post-9","page","type-page","status-publish","hentry"],"_links":{"self":[{"href":"https:\/\/gitehulotte.fr\/index.php\/wp-json\/wp\/v2\/pages\/9","targetHints":{"allow":["GET"]}}],"collection":[{"href":"https:\/\/gitehulotte.fr\/index.php\/wp-json\/wp\/v2\/pages"}],"about":[{"href":"https:\/\/gitehulotte.fr\/index.php\/wp-json\/wp\/v2\/types\/page"}],"author":[{"embeddable":true,"href":"https:\/\/gitehulotte.fr\/index.php\/wp-json\/wp\/v2\/users\/1"}],"replies":[{"embeddable":true,"href":"https:\/\/gitehulotte.fr\/index.php\/wp-json\/wp\/v2\/comments?post=9"}],"version-history":[{"count":4,"href":"https:\/\/gitehulotte.fr\/index.php\/wp-json\/wp\/v2\/pages\/9\/revisions"}],"predecessor-version":[{"id":103,"href":"https:\/\/gitehulotte.fr\/index.php\/wp-json\/wp\/v2\/pages\/9\/revisions\/103"}],"wp:attachment":[{"href":"https:\/\/gitehulotte.fr\/index.php\/wp-json\/wp\/v2\/media?parent=9"}],"curies":[{"name":"wp","href":"https:\/\/api.w.org\/{rel}","templated":true}]}}