{"id":333,"date":"2025-01-28T19:31:49","date_gmt":"2025-01-28T18:31:49","guid":{"rendered":"http:\/\/wordpress.gitehulotte.fr\/?page_id=333"},"modified":"2025-01-28T19:37:08","modified_gmt":"2025-01-28T18:37:08","slug":"localisation-des-gites","status":"publish","type":"page","link":"https:\/\/gitehulotte.fr\/index.php\/localisation-des-gites\/","title":{"rendered":"Localisation des g\u00eetes"},"content":{"rendered":"\n<p class=\"has-small-font-size\">Le G\u00eetes sont situ\u00e9s au c\u0153ur de la nature, avec de nombreux d\u00e9parts de randonn\u00e9es. Une r\u00e9gion au patrimoine tr\u00e8s riche avec de nombreux \u00e9v\u00e8nements culturels l\u2019\u00e9t\u00e9, chacun peut y trouver son bonheur ! Sur un parc cl\u00f4tur\u00e9 de 3000 m\u00b2 pour chaque g\u00eete, une piscine s\u00e9curis\u00e9e am\u00e9nag\u00e9e pour les enfants, un barbecue et de nombreux endroits \u00e0 l\u2019ombre des ch\u00eanes.<\/p>\n\n\n\n<p class=\"has-small-font-size\">Nous vous accueillons dans le LOT \u00ab\u00a0Terre des Merveilles\u00a0\u00bb, \u00e0 quelques kilom\u00e8tres de Rocamadour 2\u00e8me site apr\u00e8s le mont St Michel, du Gouffre de Padirac, de Figeac mus\u00e9e Champollion, \u00e0 moins d\u2019une heure de Sarlat, de Saint Cirq Lapopie en 2012 le plus beau village pr\u00e9f\u00e9r\u00e9 des Fran\u00e7ais, de Collonges la Rouge, Ch\u00e2teu de Castelnau, Carennac.<\/p>\n\n\n\n<p class=\"has-small-font-size\">Nombreux loisirs: randonn\u00e9es p\u00e9destres organis\u00e9es, VTT, de l&rsquo;escalade aux falaises d&rsquo;Autoire, parc animalier, march\u00e9s fermiers, golf, \u00e9quitation, tennis, cano\u00eb kayak sur la Dordogne, parcs aquatiques, nombreux mus\u00e9es et grottes \u00e0 visiter,\u00a0 navigation sur le LOT, Casino d\u2019Alvignac, p\u00e9tanque sur place.<\/p>\n\n\n\n<p class=\"has-small-font-size\">Vous pouvez d\u00e9guster les produits de la r\u00e9gion : cab\u00e9cous de Rocamadour, foies gras, miel, noix, ratafia, vins de Cahors et de Glanes. Des restaurants gastronomiques qui proposent les sp\u00e9cialit\u00e9s r\u00e9gionales sont tout proches.<\/p>\n\n\n\n<p class=\"has-small-font-size\">Vous b\u00e9n\u00e9ficierez d&rsquo;un grand calme dans un cadre tr\u00e8s reposant au coeur d&rsquo;un paysage du Causse du LOT.<\/p>\n\n\n\n<div class=\"wp-block-columns is-layout-flex wp-container-core-columns-is-layout-9d6595d7 wp-block-columns-is-layout-flex\">\n<div class=\"wp-block-column is-layout-flow wp-block-column-is-layout-flow\">\n<p class=\"has-small-font-size\">commentaire de Mono.bernard<\/p>\n\n\n\n<p class=\"has-text-align-left has-small-font-size\">superbe g\u00eete au calme avec une piscine magnifique. Le g\u00eete est sublime, am\u00e9nag\u00e9 avec go\u00fbt, les propri\u00e9taires tr\u00e8s sympathiques. n&rsquo;h\u00e9sitez pas a go\u00fbter aux plaisirs de la table avec le repas qu&rsquo;ils pr\u00e9parent pour vous sur demande, vous ne serez pas d\u00e9cus. Le petit village d&rsquo;Autoire est aussi accessible \u00e0 pied par un petit sentier qui vous y conduit directement et tr\u00e8s rapidement. n&rsquo;oubliez pas d&rsquo;aller voir la cascade d&rsquo;autoire, surtout si il fait chaud. Je vous recommande ce g\u00eete si vous aimez les vacances au calme dans un lieu proche de tr\u00e8s beaux villages qu&rsquo;il faut visiter. Le g\u00eete est tr\u00e8s bien am\u00e9nag\u00e9, tout le confort est l\u00e0, rien ne manque. Semaine parfaite pour notre groupe de 12 personnes.<\/p>\n<\/div>\n\n\n\n<div class=\"wp-block-column is-layout-flow wp-block-column-is-layout-flow\"><div class=\"wp-block-image\">\n<figure class=\"aligncenter size-full is-resized\"><img loading=\"lazy\" decoding=\"async\" width=\"191\" height=\"293\" src=\"http:\/\/wordpress.gitehulotte.fr\/wp-content\/uploads\/2025\/01\/crbst_csacade.jpg\" alt=\"\" class=\"wp-image-337\" style=\"width:274px;height:auto\"\/><\/figure>\n<\/div><\/div>\n\n\n\n<div class=\"wp-block-column is-layout-flow wp-block-column-is-layout-flow\">\n<p class=\"has-small-font-size\">Le cirque d&rsquo;Autoire s&rsquo;est form\u00e9 en bordure du causse de Gramat.<br>Les falaises autour du cirque dominent le village d&rsquo;une hauteur de 200 \u00e0 300 m\u00e8tres<br>Un sentier longe le haut des falaises ouest du cirque au niveau d&rsquo;Autoire et va rejoindre la D38 \u00e0 l&rsquo;extr\u00e9mit\u00e9 Sud.<br>Le GR 652* sur la route de Saint Jacques de Compostelle passe par la vall\u00e9e et grimpe jusqu&rsquo;au haut des falaises.<br>La cascade avec sa chute de plus de 30 m\u00e8tres<\/p>\n\n\n\n<p class=\"has-small-font-size\"><\/p>\n<\/div>\n<\/div>\n\n\n\n<p><\/p>\n","protected":false},"excerpt":{"rendered":"<p>Le G\u00eetes sont situ\u00e9s au c\u0153ur de la nature, avec de nombreux d\u00e9parts de randonn\u00e9es. Une r\u00e9gion au patrimoine tr\u00e8s riche avec de nombreux \u00e9v\u00e8nements culturels l\u2019\u00e9t\u00e9, chacun peut y trouver son bonheur ! Sur un parc cl\u00f4tur\u00e9 de 3000 m\u00b2 pour chaque g\u00eete, une piscine s\u00e9curis\u00e9e am\u00e9nag\u00e9e pour les enfants, un barbecue et de [&hellip;]<\/p>\n","protected":false},"author":1,"featured_media":0,"parent":0,"menu_order":0,"comment_status":"closed","ping_status":"closed","template":"","meta":{"footnotes":""},"class_list":["post-333","page","type-page","status-publish","hentry"],"_links":{"self":[{"href":"https:\/\/gitehulotte.fr\/index.php\/wp-json\/wp\/v2\/pages\/333","targetHints":{"allow":["GET"]}}],"collection":[{"href":"https:\/\/gitehulotte.fr\/index.php\/wp-json\/wp\/v2\/pages"}],"about":[{"href":"https:\/\/gitehulotte.fr\/index.php\/wp-json\/wp\/v2\/types\/page"}],"author":[{"embeddable":true,"href":"https:\/\/gitehulotte.fr\/index.php\/wp-json\/wp\/v2\/users\/1"}],"replies":[{"embeddable":true,"href":"https:\/\/gitehulotte.fr\/index.php\/wp-json\/wp\/v2\/comments?post=333"}],"version-history":[{"count":5,"href":"https:\/\/gitehulotte.fr\/index.php\/wp-json\/wp\/v2\/pages\/333\/revisions"}],"predecessor-version":[{"id":340,"href":"https:\/\/gitehulotte.fr\/index.php\/wp-json\/wp\/v2\/pages\/333\/revisions\/340"}],"wp:attachment":[{"href":"https:\/\/gitehulotte.fr\/index.php\/wp-json\/wp\/v2\/media?parent=333"}],"curies":[{"name":"wp","href":"https:\/\/api.w.org\/{rel}","templated":true}]}}