{"id":222,"date":"2025-01-21T19:53:39","date_gmt":"2025-01-21T18:53:39","guid":{"rendered":"http:\/\/wordpress.gitehulotte.fr\/?page_id=222"},"modified":"2025-02-14T11:54:47","modified_gmt":"2025-02-14T10:54:47","slug":"amenagement-et-details-des-gites","status":"publish","type":"page","link":"https:\/\/gitehulotte.fr\/index.php\/amenagement-et-details-des-gites\/","title":{"rendered":"Am\u00e9nagement et d\u00e9tails des Gites"},"content":{"rendered":"\n<div class=\"wp-block-columns is-layout-flex wp-container-core-columns-is-layout-9d6595d7 wp-block-columns-is-layout-flex\">\n<div class=\"wp-block-column is-layout-flow wp-block-column-is-layout-flow\">\n<p class=\"has-medium-font-size\">La grange et la maison sont des constructions en pierres, typiques du quercy dans lesquelles vous b\u00e9n\u00e9ficiez d&rsquo;un agr\u00e9able s\u00e9jour au calme, l&rsquo;air pur \u00e0 390 m\u00e8tres d&rsquo;ltitude, situ\u00e9 \u00e0 Frouge 46400 Autoire, class\u00e9 l&rsquo;un des plus beau village de France.<br>Un jardin clos de 3000 m\u00b2 ombrag\u00e9 par des ch\u00e8nes, piscine, barbecue, balan\u00e7oire, c&rsquo;est ce que vous offre chaque g\u00eete. Le chant des oiseaux va agr\u00e9menter votre s\u00e9jour.<br>Au centre d&rsquo;une r\u00e9gion touristique : Rocamadour, Gouffre de padirac, vall\u00e9 de la Dordogne, du Lot, villages class\u00e9s, Collonges la Rouge, Carennac, Loubressac, Sarlat, Saint Cirq Lapopie. Corde sur Ciel r\u00e9cemment class\u00e9 l&rsquo;un des plus beaux villages de France. Casino d&rsquo;Alvignac \u00e0 12 km.<br>Des sp\u00e9cialit\u00e9s \u00e0 d\u00e9guster : cab\u00e9cous de Rocamadour, le ratafia production de la r\u00e9gion, le vin de Glane, les foies gras chez des producteurs r\u00e9gionnaux, des restaurants gastronomiques \u00e0 proximit\u00e9.<br>Faire des randonn\u00e9es p\u00e9destres, de l&rsquo;alpinisme aux falaises d&rsquo;Autoire, de l&rsquo;\u00e9quitation, du cano\u00e9, jouer au Casiso \u00e0 Alvignac \u00e0 12 km, du golf \u00e0 6 km, ne pas oublier la p\u00e9tanque.<\/p>\n\n\n\n<p class=\"has-medium-font-size\">Les semaines de l&rsquo;ann\u00e9e \u00e0 1350 euros sauf juillet et ao\u00fbt \u00e0 1850 euros<br>Pour 750 euros un week-end de d\u00e9tente, penser \u00e0 r\u00e9server d\u00e8s \u00e0 pr\u00e9sent.<\/p>\n\n\n\n<p><\/p>\n<\/div>\n<\/div>\n\n\n\n<details class=\"wp-block-details is-layout-flow wp-block-details-is-layout-flow\" open><summary>Am\u00e9nagements<\/summary>\n<figure class=\"wp-block-table is-style-stripes has-small-font-size\"><table class=\"has-fixed-layout\"><thead><tr><th class=\"has-text-align-left\" data-align=\"left\">D\u00e9signation<\/th><th class=\"has-text-align-center\" data-align=\"center\">Bergerie<\/th><th class=\"has-text-align-center\" data-align=\"center\">Maison<\/th><\/tr><\/thead><tbody><tr><td class=\"has-text-align-left\" data-align=\"left\">superficie totale<\/td><td class=\"has-text-align-center\" data-align=\"center\">344m2<\/td><td class=\"has-text-align-center\" data-align=\"center\">314m2<\/td><\/tr><tr><td class=\"has-text-align-left\" data-align=\"left\">capacit\u00e9 d&rsquo;accueil<\/td><td class=\"has-text-align-center\" data-align=\"center\">12<\/td><td class=\"has-text-align-center\" data-align=\"center\">11<\/td><\/tr><tr><td class=\"has-text-align-left\" data-align=\"left\">nombre de pi\u00e8ces<\/td><td class=\"has-text-align-center\" data-align=\"center\">7<\/td><td class=\"has-text-align-center\" data-align=\"center\">5<\/td><\/tr><tr><td class=\"has-text-align-left\" data-align=\"left\">nombre de chambres<\/td><td class=\"has-text-align-center\" data-align=\"center\">5<\/td><td class=\"has-text-align-center\" data-align=\"center\">4<\/td><\/tr><tr><td class=\"has-text-align-left\" data-align=\"left\">salles de bains<\/td><td class=\"has-text-align-center\" data-align=\"center\">2<\/td><td class=\"has-text-align-center\" data-align=\"center\">3<\/td><\/tr><tr><td class=\"has-text-align-left\" data-align=\"left\">WC<\/td><td class=\"has-text-align-center\" data-align=\"center\">2<\/td><td class=\"has-text-align-center\" data-align=\"center\">3<\/td><\/tr><tr><td class=\"has-text-align-left\" data-align=\"left\">&#8212;&#8212;&#8212;&#8212;&#8212;&#8212;&#8212;&#8212;&#8212;&#8212;-<\/td><td class=\"has-text-align-center\" data-align=\"center\">&#8212;&#8212;&#8212;&#8212;&#8212;&#8212;&#8212;&#8212;&#8212;&#8212;<\/td><td class=\"has-text-align-center\" data-align=\"center\">&#8212;&#8212;&#8212;&#8212;&#8212;&#8212;&#8212;&#8212;&#8212;&#8212;<\/td><\/tr><tr><td class=\"has-text-align-left\" data-align=\"left\">cuisini\u00e8re<\/td><td class=\"has-text-align-center\" data-align=\"center\">1<\/td><td class=\"has-text-align-center\" data-align=\"center\">1<\/td><\/tr><tr><td class=\"has-text-align-left\" data-align=\"left\">four<\/td><td class=\"has-text-align-center\" data-align=\"center\">1<\/td><td class=\"has-text-align-center\" data-align=\"center\">1<\/td><\/tr><tr><td class=\"has-text-align-left\" data-align=\"left\">lave linge<\/td><td class=\"has-text-align-center\" data-align=\"center\">1<\/td><td class=\"has-text-align-center\" data-align=\"center\">1<\/td><\/tr><tr><td class=\"has-text-align-left\" data-align=\"left\">micro ondes<\/td><td class=\"has-text-align-center\" data-align=\"center\">1<\/td><td class=\"has-text-align-center\" data-align=\"center\">1<\/td><\/tr><tr><td class=\"has-text-align-left\" data-align=\"left\">s\u00e8che linge<\/td><td class=\"has-text-align-center\" data-align=\"center\">1<\/td><td class=\"has-text-align-center\" data-align=\"center\">1<\/td><\/tr><tr><td class=\"has-text-align-left\" data-align=\"left\">lave vaisselle<\/td><td class=\"has-text-align-center\" data-align=\"center\">1<\/td><td class=\"has-text-align-center\" data-align=\"center\">1<\/td><\/tr><tr><td class=\"has-text-align-left\" data-align=\"left\">DVD\/magn\u00e9toscope<\/td><td class=\"has-text-align-center\" data-align=\"center\">1<\/td><td class=\"has-text-align-center\" data-align=\"center\">1<\/td><\/tr><tr><td class=\"has-text-align-left\" data-align=\"left\">t\u00e9l\u00e9vision<\/td><td class=\"has-text-align-center\" data-align=\"center\">2<\/td><td class=\"has-text-align-center\" data-align=\"center\">1<\/td><\/tr><tr><td class=\"has-text-align-left\" data-align=\"left\">radio<\/td><td class=\"has-text-align-center\" data-align=\"center\">1<\/td><td class=\"has-text-align-center\" data-align=\"center\">1<\/td><\/tr><tr><td class=\"has-text-align-left\" data-align=\"left\">cable satellite<\/td><td class=\"has-text-align-center\" data-align=\"center\">1<\/td><td class=\"has-text-align-center\" data-align=\"center\">1<\/td><\/tr><tr><td class=\"has-text-align-left\" data-align=\"left\">lits enfant<\/td><td class=\"has-text-align-center\" data-align=\"center\">2<\/td><td class=\"has-text-align-center\" data-align=\"center\">2<\/td><\/tr><tr><td class=\"has-text-align-left\" data-align=\"left\">chasie b\u00e9b\u00e9<\/td><td class=\"has-text-align-center\" data-align=\"center\">2<\/td><td class=\"has-text-align-center\" data-align=\"center\">2<\/td><\/tr><tr><td class=\"has-text-align-left\" data-align=\"left\">lits d&rsquo;appoint<\/td><td class=\"has-text-align-center\" data-align=\"center\">2<\/td><td class=\"has-text-align-center\" data-align=\"center\">2<\/td><\/tr><tr><td class=\"has-text-align-left\" data-align=\"left\">chemin\u00e9e<\/td><td class=\"has-text-align-center\" data-align=\"center\">1<\/td><td class=\"has-text-align-center\" data-align=\"center\">1<\/td><\/tr><\/tbody><\/table><\/figure>\n<\/details>\n","protected":false},"excerpt":{"rendered":"<p>La grange et la maison sont des constructions en pierres, typiques du quercy dans lesquelles vous b\u00e9n\u00e9ficiez d&rsquo;un agr\u00e9able s\u00e9jour au calme, l&rsquo;air pur \u00e0 390 m\u00e8tres d&rsquo;ltitude, situ\u00e9 \u00e0 Frouge 46400 Autoire, class\u00e9 l&rsquo;un des plus beau village de France.Un jardin clos de 3000 m\u00b2 ombrag\u00e9 par des ch\u00e8nes, piscine, barbecue, balan\u00e7oire, c&rsquo;est ce [&hellip;]<\/p>\n","protected":false},"author":1,"featured_media":0,"parent":0,"menu_order":0,"comment_status":"closed","ping_status":"closed","template":"","meta":{"footnotes":""},"class_list":["post-222","page","type-page","status-publish","hentry"],"_links":{"self":[{"href":"https:\/\/gitehulotte.fr\/index.php\/wp-json\/wp\/v2\/pages\/222","targetHints":{"allow":["GET"]}}],"collection":[{"href":"https:\/\/gitehulotte.fr\/index.php\/wp-json\/wp\/v2\/pages"}],"about":[{"href":"https:\/\/gitehulotte.fr\/index.php\/wp-json\/wp\/v2\/types\/page"}],"author":[{"embeddable":true,"href":"https:\/\/gitehulotte.fr\/index.php\/wp-json\/wp\/v2\/users\/1"}],"replies":[{"embeddable":true,"href":"https:\/\/gitehulotte.fr\/index.php\/wp-json\/wp\/v2\/comments?post=222"}],"version-history":[{"count":12,"href":"https:\/\/gitehulotte.fr\/index.php\/wp-json\/wp\/v2\/pages\/222\/revisions"}],"predecessor-version":[{"id":415,"href":"https:\/\/gitehulotte.fr\/index.php\/wp-json\/wp\/v2\/pages\/222\/revisions\/415"}],"wp:attachment":[{"href":"https:\/\/gitehulotte.fr\/index.php\/wp-json\/wp\/v2\/media?parent=222"}],"curies":[{"name":"wp","href":"https:\/\/api.w.org\/{rel}","templated":true}]}}