{"id":184,"date":"2025-01-20T19:45:18","date_gmt":"2025-01-20T18:45:18","guid":{"rendered":"http:\/\/wordpress.gitehulotte.fr\/?page_id=184"},"modified":"2025-02-10T22:24:21","modified_gmt":"2025-02-10T21:24:21","slug":"historique-des-gites","status":"publish","type":"page","link":"https:\/\/gitehulotte.fr\/index.php\/historique-des-gites\/","title":{"rendered":"Historique des gites"},"content":{"rendered":"\n<p class=\"has-medium-font-size\"><strong>Deux g\u00eetes pour accueillir 10 \u00e0 12 personnes (par g\u00eete)<\/strong><\/p>\n\n\n\n<p class=\"has-black-color has-text-color has-link-color has-medium-font-size wp-elements-35b66dd86f500bca2dda544a48d054ca\">Un s\u00e9jour agr\u00e9able et reposant au coeur du Causse, dans une habitation traditionnelle r\u00e9nov\u00e9e, l&rsquo;air pur de la campagne, des sites touristiques \u00e0 proximit\u00e9, des sentiers p\u00e9destres, un r\u00e9veil au chant des oiseaux c\u2019est ce que vous offrent:le G\u00eete des Hulottes et le G\u00eete la Hulotte.<br><strong>Location \u00e0 la semaine ou pour un weekend.<\/strong><\/p>\n\n\n\n<p class=\"has-black-color has-text-color has-link-color has-medium-font-size wp-elements-9ea9de3557edab6b4469dff93e6affdc\"><\/p>\n\n\n\n<div class=\"wp-block-columns is-layout-flex wp-container-core-columns-is-layout-9d6595d7 wp-block-columns-is-layout-flex\">\n<div class=\"wp-block-column is-layout-flow wp-block-column-is-layout-flow\">\n<figure class=\"wp-block-image size-full\"><img loading=\"lazy\" decoding=\"async\" width=\"406\" height=\"305\" src=\"http:\/\/gitehulotte.fr\/wp-content\/uploads\/2025\/01\/crbst_grange014-1.jpg\" alt=\"\" class=\"wp-image-191\" srcset=\"https:\/\/gitehulotte.fr\/wp-content\/uploads\/2025\/01\/crbst_grange014-1.jpg 406w, https:\/\/gitehulotte.fr\/wp-content\/uploads\/2025\/01\/crbst_grange014-1-300x225.jpg 300w, https:\/\/gitehulotte.fr\/wp-content\/uploads\/2025\/01\/crbst_grange014-1-390x293.jpg 390w\" sizes=\"auto, (max-width: 406px) 100vw, 406px\" \/><\/figure>\n<\/div>\n\n\n\n<div class=\"wp-block-column is-layout-flow wp-block-column-is-layout-flow\">\n<p class=\"has-small-font-size\"><em>Grange en pierres avec la grande&nbsp; porte qui permettait de reculer les charrettes de foin \u00e0 l&rsquo;int\u00e9rieur du b\u00e2timent avec des b\u0153ufs attel\u00e9s avec un joug .<\/em><\/p>\n<\/div>\n\n\n\n<div class=\"wp-block-column is-layout-flow wp-block-column-is-layout-flow\">\n<figure class=\"wp-block-image size-full is-resized\"><img loading=\"lazy\" decoding=\"async\" width=\"195\" height=\"195\" src=\"http:\/\/gitehulotte.fr\/wp-content\/uploads\/2025\/01\/crbst_import1.jpg\" alt=\"\" class=\"wp-image-199\" style=\"width:203px;height:auto\" srcset=\"https:\/\/gitehulotte.fr\/wp-content\/uploads\/2025\/01\/crbst_import1.jpg 195w, https:\/\/gitehulotte.fr\/wp-content\/uploads\/2025\/01\/crbst_import1-150x150.jpg 150w\" sizes=\"auto, (max-width: 195px) 100vw, 195px\" \/><\/figure>\n<\/div>\n\n\n\n<div class=\"wp-block-column is-layout-flow wp-block-column-is-layout-flow\">\n<p class=\"has-small-font-size\"><em>Cette grange servait \u00e0 stocker le foin tir\u00e9&nbsp; par des chars \u00e0 b\u0153ufs<\/em><\/p>\n<\/div>\n<\/div>\n\n\n\n<div class=\"wp-block-columns is-layout-flex wp-container-core-columns-is-layout-9d6595d7 wp-block-columns-is-layout-flex\">\n<div class=\"wp-block-column is-layout-flow wp-block-column-is-layout-flow\">\n<figure class=\"wp-block-image size-full\"><img loading=\"lazy\" decoding=\"async\" width=\"386\" height=\"290\" src=\"http:\/\/gitehulotte.fr\/wp-content\/uploads\/2025\/01\/crbst_grange14-1.jpg\" alt=\"\" class=\"wp-image-195\" srcset=\"https:\/\/gitehulotte.fr\/wp-content\/uploads\/2025\/01\/crbst_grange14-1.jpg 386w, https:\/\/gitehulotte.fr\/wp-content\/uploads\/2025\/01\/crbst_grange14-1-300x225.jpg 300w\" sizes=\"auto, (max-width: 386px) 100vw, 386px\" \/><\/figure>\n<\/div>\n\n\n\n<div class=\"wp-block-column is-layout-flow wp-block-column-is-layout-flow\">\n<p class=\"has-small-font-size\"><em>jardin ombrag\u00e9 de la grange d&rsquo;une superficie de 3000m\u00b2, cl\u00f4tur\u00e9 avec barbecue, balan\u00e7oire.<\/em><\/p>\n<\/div>\n\n\n\n<div class=\"wp-block-column is-layout-flow wp-block-column-is-layout-flow\">\n<figure class=\"wp-block-image size-full\"><img loading=\"lazy\" decoding=\"async\" width=\"1182\" height=\"886\" src=\"http:\/\/gitehulotte.fr\/wp-content\/uploads\/2025\/01\/big_crbst_maison010-1.jpg\" alt=\"\" class=\"wp-image-170\" srcset=\"https:\/\/gitehulotte.fr\/wp-content\/uploads\/2025\/01\/big_crbst_maison010-1.jpg 1182w, https:\/\/gitehulotte.fr\/wp-content\/uploads\/2025\/01\/big_crbst_maison010-1-300x225.jpg 300w, https:\/\/gitehulotte.fr\/wp-content\/uploads\/2025\/01\/big_crbst_maison010-1-1024x768.jpg 1024w, https:\/\/gitehulotte.fr\/wp-content\/uploads\/2025\/01\/big_crbst_maison010-1-768x576.jpg 768w, https:\/\/gitehulotte.fr\/wp-content\/uploads\/2025\/01\/big_crbst_maison010-1-390x293.jpg 390w\" sizes=\"auto, (max-width: 1182px) 100vw, 1182px\" \/><\/figure>\n<\/div>\n\n\n\n<div class=\"wp-block-column is-layout-flow wp-block-column-is-layout-flow\">\n<p class=\"has-small-font-size\"><em>Maison de campagne en pierres, typique&nbsp; de l&rsquo;architecture quercynoise<\/em><\/p>\n<\/div>\n<\/div>\n\n\n\n<div class=\"wp-block-columns is-layout-flex wp-container-core-columns-is-layout-9d6595d7 wp-block-columns-is-layout-flex\">\n<div class=\"wp-block-column is-layout-flow wp-block-column-is-layout-flow\">\n<figure class=\"wp-block-image size-full\"><img loading=\"lazy\" decoding=\"async\" width=\"1182\" height=\"886\" src=\"http:\/\/gitehulotte.fr\/wp-content\/uploads\/2025\/01\/big_crbst_maison13-1.jpg\" alt=\"\" class=\"wp-image-171\" srcset=\"https:\/\/gitehulotte.fr\/wp-content\/uploads\/2025\/01\/big_crbst_maison13-1.jpg 1182w, https:\/\/gitehulotte.fr\/wp-content\/uploads\/2025\/01\/big_crbst_maison13-1-300x225.jpg 300w, https:\/\/gitehulotte.fr\/wp-content\/uploads\/2025\/01\/big_crbst_maison13-1-1024x768.jpg 1024w, https:\/\/gitehulotte.fr\/wp-content\/uploads\/2025\/01\/big_crbst_maison13-1-768x576.jpg 768w, https:\/\/gitehulotte.fr\/wp-content\/uploads\/2025\/01\/big_crbst_maison13-1-390x293.jpg 390w\" sizes=\"auto, (max-width: 1182px) 100vw, 1182px\" \/><\/figure>\n<\/div>\n\n\n\n<div class=\"wp-block-column is-layout-flow wp-block-column-is-layout-flow\">\n<p class=\"has-small-font-size\"><em>jardin ombrag\u00e9 de la maison d&rsquo;une superficie de 3000m\u00b2, cl\u00f4tur\u00e9 avec barbecue, balan\u00e7oire.<\/em><\/p>\n<\/div>\n\n\n\n<div class=\"wp-block-column is-layout-flow wp-block-column-is-layout-flow\">\n<figure data-wp-context=\"{&quot;imageId&quot;:&quot;69eb765b7f56e&quot;}\" data-wp-interactive=\"core\/image\" data-wp-key=\"69eb765b7f56e\" class=\"wp-block-image size-full wp-lightbox-container\"><img loading=\"lazy\" decoding=\"async\" width=\"150\" height=\"40\" data-wp-class--hide=\"state.isContentHidden\" data-wp-class--show=\"state.isContentVisible\" data-wp-init=\"callbacks.setButtonStyles\" data-wp-on--click=\"actions.showLightbox\" data-wp-on--load=\"callbacks.setButtonStyles\" data-wp-on-window--resize=\"callbacks.setButtonStyles\" src=\"http:\/\/wordpress.gitehulotte.fr\/wp-content\/uploads\/2025\/01\/crbst_import0.jpg\" alt=\"\" class=\"wp-image-200\" style=\"object-fit:cover\"\/><button\n\t\t\tclass=\"lightbox-trigger\"\n\t\t\ttype=\"button\"\n\t\t\taria-haspopup=\"dialog\"\n\t\t\taria-label=\"Agrandir\"\n\t\t\tdata-wp-init=\"callbacks.initTriggerButton\"\n\t\t\tdata-wp-on--click=\"actions.showLightbox\"\n\t\t\tdata-wp-style--right=\"state.imageButtonRight\"\n\t\t\tdata-wp-style--top=\"state.imageButtonTop\"\n\t\t>\n\t\t\t<svg xmlns=\"http:\/\/www.w3.org\/2000\/svg\" width=\"12\" height=\"12\" fill=\"none\" viewBox=\"0 0 12 12\">\n\t\t\t\t<path fill=\"#fff\" d=\"M2 0a2 2 0 0 0-2 2v2h1.5V2a.5.5 0 0 1 .5-.5h2V0H2Zm2 10.5H2a.5.5 0 0 1-.5-.5V8H0v2a2 2 0 0 0 2 2h2v-1.5ZM8 12v-1.5h2a.5.5 0 0 0 .5-.5V8H12v2a2 2 0 0 1-2 2H8Zm2-12a2 2 0 0 1 2 2v2h-1.5V2a.5.5 0 0 0-.5-.5H8V0h2Z\" \/>\n\t\t\t<\/svg>\n\t\t<\/button><\/figure>\n<\/div>\n\n\n\n<div class=\"wp-block-column is-layout-flow wp-block-column-is-layout-flow\">\n<p class=\"has-small-font-size\"><em>ce joug d&rsquo;attelage fix\u00e9 sur le front des b\u0153ufs permettait de lier deux b\u0153ufs qui tiraient&nbsp; le char<\/em><\/p>\n<\/div>\n<\/div>\n\n\n\n<div class=\"wp-block-columns is-layout-flex wp-container-core-columns-is-layout-9d6595d7 wp-block-columns-is-layout-flex\">\n<div class=\"wp-block-column is-layout-flow wp-block-column-is-layout-flow\">\n<figure class=\"wp-block-image size-full is-resized\"><img loading=\"lazy\" decoding=\"async\" width=\"266\" height=\"200\" src=\"http:\/\/gitehulotte.fr\/wp-content\/uploads\/2025\/01\/crbst_B_C3_A9lair.jpg\" alt=\"\" class=\"wp-image-210\" style=\"width:416px;height:auto\"\/><\/figure>\n<\/div>\n\n\n\n<div class=\"wp-block-column is-layout-flow wp-block-column-is-layout-flow\">\n<p class=\"has-small-font-size\"><em>D\u00e9pos\u00e9 le 29\/07\/2018<br>Dominique en famille, note globale\u2605\u2605\u2605\u2605\u2605<br>Excellent s\u00e9jour au g\u00eete la Hulotte Gite spacieux, confortable.Grande piscine en pleine campagne. Possibilit\u00e9 de randonn\u00e9es \u00e0 partir du gite. Propri\u00e9taires charmants. A recommander !<br>Accueil propri\u00e9taire    \u2605\u2605\u2605\u2605\u2605<br>Propret\u00e9                   \u2605\u2605\u2605\u2605\u2605<br>Rapport qualit\u00e9\/prix   \u2605\u2605\u2605\u2605\u2605<br>Confort                     \u2605\u2605\u2605\u2605\u2605<\/em><\/p>\n<\/div>\n\n\n\n<div class=\"wp-block-column is-layout-flow wp-block-column-is-layout-flow\"><\/div>\n\n\n\n<div class=\"wp-block-column is-layout-flow wp-block-column-is-layout-flow\"><\/div>\n<\/div>\n\n\n\n<blockquote class=\"wp-block-quote has-medium-font-size is-layout-flow wp-block-quote-is-layout-flow\">\n<p class=\"has-medium-font-size\"><strong>Randonn\u00e9es \u00e0 pied sur des chemins de campagne bord\u00e9s de murs en pierres qui permettent depuis les deux g\u00eetes apr\u00e8s 1\/2 heure de marche d&rsquo;arriver \u00e0 Bel Air, lieu qui surplombe le village d&rsquo;Autoire<br>Vue imprenable qui domine le cirque d&rsquo;Autoire et son beau village<br>Belles vues sur les ch\u00e2teaux de Loubressac, dans la vall\u00e9e celui de Castelnau.<\/strong><\/p>\n<\/blockquote>\n\n\n\n<p class=\"has-small-font-size\"><\/p>\n\n\n\n<p><\/p>\n","protected":false},"excerpt":{"rendered":"<p>Deux g\u00eetes pour accueillir 10 \u00e0 12 personnes (par g\u00eete) Un s\u00e9jour agr\u00e9able et reposant au coeur du Causse, dans une habitation traditionnelle r\u00e9nov\u00e9e, l&rsquo;air pur de la campagne, des sites touristiques \u00e0 proximit\u00e9, des sentiers p\u00e9destres, un r\u00e9veil au chant des oiseaux c\u2019est ce que vous offrent:le G\u00eete des Hulottes et le G\u00eete la [&hellip;]<\/p>\n","protected":false},"author":1,"featured_media":0,"parent":0,"menu_order":0,"comment_status":"closed","ping_status":"closed","template":"","meta":{"footnotes":""},"class_list":["post-184","page","type-page","status-publish","hentry"],"_links":{"self":[{"href":"https:\/\/gitehulotte.fr\/index.php\/wp-json\/wp\/v2\/pages\/184","targetHints":{"allow":["GET"]}}],"collection":[{"href":"https:\/\/gitehulotte.fr\/index.php\/wp-json\/wp\/v2\/pages"}],"about":[{"href":"https:\/\/gitehulotte.fr\/index.php\/wp-json\/wp\/v2\/types\/page"}],"author":[{"embeddable":true,"href":"https:\/\/gitehulotte.fr\/index.php\/wp-json\/wp\/v2\/users\/1"}],"replies":[{"embeddable":true,"href":"https:\/\/gitehulotte.fr\/index.php\/wp-json\/wp\/v2\/comments?post=184"}],"version-history":[{"count":20,"href":"https:\/\/gitehulotte.fr\/index.php\/wp-json\/wp\/v2\/pages\/184\/revisions"}],"predecessor-version":[{"id":374,"href":"https:\/\/gitehulotte.fr\/index.php\/wp-json\/wp\/v2\/pages\/184\/revisions\/374"}],"wp:attachment":[{"href":"https:\/\/gitehulotte.fr\/index.php\/wp-json\/wp\/v2\/media?parent=184"}],"curies":[{"name":"wp","href":"https:\/\/api.w.org\/{rel}","templated":true}]}}